{"id":1490,"date":"2022-03-04T03:43:38","date_gmt":"2022-03-04T03:43:38","guid":{"rendered":"https:\/\/mitechconnect.ordenarapido.com\/index.php\/about\/"},"modified":"2023-11-14T06:19:50","modified_gmt":"2023-11-14T06:19:50","slug":"about","status":"publish","type":"page","link":"https:\/\/mitechconnect.com\/es\/about\/","title":{"rendered":"About"},"content":{"rendered":"<div class=\"wp-block-uagb-container uagb-block-78fbda14 alignfull uagb-is-root-container\"><div class=\"uagb-container-inner-blocks-wrap\">\n<div class=\"wp-block-uagb-info-box uagb-block-38b626f9 uagb-infobox__content-wrap  uagb-infobox-icon-above-title uagb-infobox-image-valign-top\"><div class=\"uagb-ifb-content\"><div class=\"uagb-ifb-title-wrap\"><span class=\"uagb-ifb-title-prefix\">Nuestra Empresa<\/span><h6 class=\"uagb-ifb-title\">Mitech Connect es una empresa propiedad de veteranos. Somos el minorista preferido de la mayor\u00eda de los principales proveedores de Internet, servicios inal\u00e1mbricos, TV, sat\u00e9lite y seguridad para el hogar; y lo hemos sido durante m\u00e1s de 10 a\u00f1os. Mitech Connect es un proveedor a nivel nacional con ubicaciones en Aurora, CO y Humble, TX. Nosotros hacemos las compras para que usted no tenga que hacerlo.<br><br><\/h6><\/div><p class=\"uagb-ifb-desc\"><strong>Comprometidos a mantenerte<br>conectado<\/strong><\/p><\/div><\/div>\n<\/div><\/div>\n\n\n\n<div data-aos= \"slide-up\" data-aos-duration=\"400\" data-aos-delay=\"0\" data-aos-easing=\"ease\" data-aos-once=\"true\" class=\"wp-block-uagb-container uagb-block-0682ea1d alignwide uagb-is-root-container\">\n<div class=\"wp-block-uagb-container uagb-block-d904cbea\">\n<div class=\"wp-block-uagb-container uagb-block-37158dbe\">\n<div class=\"wp-block-uagb-info-box uagb-block-1d62cba7 uagb-infobox__content-wrap  uagb-infobox-icon-above-title uagb-infobox-image-valign-top\"><div class=\"uagb-ifb-content\"><div class=\"uagb-ifb-image-content\"><img decoding=\"async\" src=\"https:\/\/mitechconnect.com\/wp-content\/uploads\/2023\/10\/icon1.png\" alt=\"\" width=\"\" height=\"0\" loading=\"lazy\"\/><\/div><div class=\"uagb-ifb-title-wrap\"><div class=\"uagb-ifb-separator\"><\/div><h3 class=\"uagb-ifb-title\"><strong>Misi\u00f3n<\/strong><\/h3><\/div><p class=\"uagb-ifb-desc\">Mitech Connect se enorgullece por simplificar el proceso de compra de sus clientes, ayud\u00e1ndoles a comparar todas las ofertas de servicios para su hogar y brind\u00e1ndoles las mejores opciones disponibles en su \u00e1rea.<\/p><\/div><\/div>\n<\/div>\n\n\n\n<div class=\"wp-block-uagb-container uagb-block-75bd7c61\">\n<div class=\"wp-block-uagb-info-box uagb-block-4eb4800b uagb-infobox__content-wrap  uagb-infobox-icon-above-title uagb-infobox-image-valign-top\"><div class=\"uagb-ifb-content\"><div class=\"uagb-ifb-image-content\"><img decoding=\"async\" src=\"https:\/\/mitechconnect.com\/wp-content\/uploads\/2023\/10\/icon2.png\" alt=\"\" width=\"\" height=\"0\" loading=\"lazy\"\/><\/div><div class=\"uagb-ifb-title-wrap\"><div class=\"uagb-ifb-separator\"><\/div><h3 class=\"uagb-ifb-title\"><strong>Visi\u00f3n<\/strong><\/h3><\/div><p class=\"uagb-ifb-desc\">Crear el mejor Paquete de Servicios para el Hogar, para que tu<br>tu familia y amigos lo disfruten.<\/p><\/div><\/div>\n<\/div>\n\n\n\n<div class=\"wp-block-uagb-container uagb-block-bb6ae8ac\">\n<div class=\"wp-block-uagb-info-box uagb-block-4f0b567b uagb-infobox__content-wrap  uagb-infobox-icon-above-title uagb-infobox-image-valign-top\"><div class=\"uagb-ifb-content\"><div class=\"uagb-ifb-image-content\"><img decoding=\"async\" src=\"https:\/\/mitechconnect.com\/wp-content\/uploads\/2023\/10\/icon3.png\" alt=\"\" width=\"\" height=\"0\" loading=\"lazy\"\/><\/div><div class=\"uagb-ifb-title-wrap\"><div class=\"uagb-ifb-separator\"><\/div><h3 class=\"uagb-ifb-title\"><strong>Metas<\/strong><\/h3><\/div><p class=\"uagb-ifb-desc\">Encontrar el mejor proveedor de servicio, de acuerdo a tus necesidades y presupuesto.<\/p><\/div><\/div>\n<\/div>\n<\/div>\n<\/div>\n\n\n\n<div class=\"wp-block-group alignfull has-ast-global-color-5-color has-ast-global-color-4-background-color has-text-color has-background is-layout-flow wp-block-group-is-layout-flow\">\n<div class=\"wp-block-columns alignwide is-layout-flex wp-container-core-columns-is-layout-28f84493 wp-block-columns-is-layout-flex\">\n<div class=\"wp-block-column is-layout-flow wp-block-column-is-layout-flow\" style=\"flex-basis:30%\">\n<h4 class=\"wp-block-heading has-text-align-left has-ast-global-color-6-color has-text-color\"><strong>Somos una peque\u00f1a compa\u00f1\u00eda de servicios manejada por veteranos de guerra.<\/strong><\/h4>\n\n\n\n<figure class=\"wp-block-image alignleft size-full\"><img loading=\"lazy\" decoding=\"async\" width=\"184\" height=\"207\" src=\"https:\/\/mitechconnect.com\/wp-content\/uploads\/2023\/10\/SBA.png\" alt=\"\" class=\"wp-image-2636\"\/><\/figure>\n<\/div>\n\n\n\n<div class=\"wp-block-column is-layout-flow wp-block-column-is-layout-flow\" style=\"flex-basis:30%\">\n<figure class=\"wp-block-image size-large\"><img loading=\"lazy\" decoding=\"async\" width=\"1024\" height=\"678\" src=\"https:\/\/mitechconnect.com\/wp-content\/uploads\/2023\/10\/netflix-peliculas-youtube-3733812-1024x678.jpg\" alt=\"Find great programming and even better deals from the top TV providers.\" class=\"wp-image-2696\" srcset=\"https:\/\/mitechconnect.com\/wp-content\/uploads\/2023\/10\/netflix-peliculas-youtube-3733812-1024x678.jpg 1024w, https:\/\/mitechconnect.com\/wp-content\/uploads\/2023\/10\/netflix-peliculas-youtube-3733812-300x199.jpg 300w, https:\/\/mitechconnect.com\/wp-content\/uploads\/2023\/10\/netflix-peliculas-youtube-3733812-768x509.jpg 768w, https:\/\/mitechconnect.com\/wp-content\/uploads\/2023\/10\/netflix-peliculas-youtube-3733812.jpg 1280w\" sizes=\"auto, (max-width: 1024px) 100vw, 1024px\" \/><\/figure>\n\n\n\n<p class=\"has-ast-global-color-2-color has-text-color has-medium-font-size\"><strong>Encuentre excelente programaci\u00f3n e incluso mejores ofertas de los principales proveedores de TV.<\/strong><\/p>\n\n\n\n<figure class=\"wp-block-image size-full\"><img loading=\"lazy\" decoding=\"async\" width=\"1280\" height=\"853\" src=\"https:\/\/mitechconnect.com\/wp-content\/uploads\/2023\/10\/startup-business-people-849805.jpg\" alt=\"High-speed Internet to boost streaming, gaming and productivity.\" class=\"wp-image-2707\" srcset=\"https:\/\/mitechconnect.com\/wp-content\/uploads\/2023\/10\/startup-business-people-849805.jpg 1280w, https:\/\/mitechconnect.com\/wp-content\/uploads\/2023\/10\/startup-business-people-849805-300x200.jpg 300w, https:\/\/mitechconnect.com\/wp-content\/uploads\/2023\/10\/startup-business-people-849805-1024x682.jpg 1024w, https:\/\/mitechconnect.com\/wp-content\/uploads\/2023\/10\/startup-business-people-849805-768x512.jpg 768w\" sizes=\"auto, (max-width: 1280px) 100vw, 1280px\" \/><\/figure>\n\n\n\n<p class=\"has-ast-global-color-2-color has-text-color has-medium-font-size\"><strong>Internet de alta velocidad para impulsar la transmisi\u00f3n, los videojuegos y la productividad.<\/strong><\/p>\n<\/div>\n\n\n\n<div class=\"wp-block-column is-layout-flow wp-block-column-is-layout-flow\" style=\"flex-basis:30%\">\n<figure class=\"wp-block-image size-large\"><img loading=\"lazy\" decoding=\"async\" width=\"1024\" height=\"682\" src=\"https:\/\/mitechconnect.com\/wp-content\/uploads\/2023\/10\/hands-phone-smartphone-1851218-1024x682.jpg\" alt=\"All of our plans come with more than just unlimited talk, text, and data on any network.\" class=\"wp-image-2698\" srcset=\"https:\/\/mitechconnect.com\/wp-content\/uploads\/2023\/10\/hands-phone-smartphone-1851218-1024x682.jpg 1024w, https:\/\/mitechconnect.com\/wp-content\/uploads\/2023\/10\/hands-phone-smartphone-1851218-300x200.jpg 300w, https:\/\/mitechconnect.com\/wp-content\/uploads\/2023\/10\/hands-phone-smartphone-1851218-768x512.jpg 768w, https:\/\/mitechconnect.com\/wp-content\/uploads\/2023\/10\/hands-phone-smartphone-1851218.jpg 1280w\" sizes=\"auto, (max-width: 1024px) 100vw, 1024px\" \/><\/figure>\n\n\n\n<p class=\"has-ast-global-color-2-color has-text-color has-medium-font-size\"><strong>Todos nuestros planes incluyen m\u00e1s que solo llamadas, mensajes de texto y datos ilimitados en cualquier red.<\/strong><\/p>\n\n\n\n<figure class=\"wp-block-image size-full is-resized is-style-default\"><img loading=\"lazy\" decoding=\"async\" width=\"1400\" height=\"955\" src=\"https:\/\/mitechconnect.com\/wp-content\/uploads\/2023\/11\/partner-camera-1-1.jpg\" alt=\"\" class=\"wp-image-3798\" style=\"width:500px;height:auto\" srcset=\"https:\/\/mitechconnect.com\/wp-content\/uploads\/2023\/11\/partner-camera-1-1.jpg 1400w, https:\/\/mitechconnect.com\/wp-content\/uploads\/2023\/11\/partner-camera-1-1-300x205.jpg 300w, https:\/\/mitechconnect.com\/wp-content\/uploads\/2023\/11\/partner-camera-1-1-1024x699.jpg 1024w, https:\/\/mitechconnect.com\/wp-content\/uploads\/2023\/11\/partner-camera-1-1-768x524.jpg 768w, https:\/\/mitechconnect.com\/wp-content\/uploads\/2023\/11\/partner-camera-1-1-18x12.jpg 18w\" sizes=\"auto, (max-width: 1400px) 100vw, 1400px\" \/><\/figure>\n\n\n\n<p class=\"has-ast-global-color-2-color has-text-color has-medium-font-size\"><strong>Vigile su hogar o negocio con un paquete de video seguridad.<\/strong><\/p>\n<\/div>\n<\/div>\n<\/div>","protected":false},"excerpt":{"rendered":"<p>We are a Service Disabled Veteran Owned Small Business Find great programming and even better deals from the top TV providers. High-speed Internet to boost streaming, gaming and productivity. All of our plans come with more than just unlimited talk, text, and data on any network. Keep a watchful eye on your home or business [&hellip;]<\/p>\n","protected":false},"author":1,"featured_media":0,"parent":0,"menu_order":0,"comment_status":"closed","ping_status":"closed","template":"","meta":{"_uag_custom_page_level_css":"","site-sidebar-layout":"no-sidebar","site-content-layout":"page-builder","ast-site-content-layout":"full-width-container","site-content-style":"unboxed","site-sidebar-style":"unboxed","ast-global-header-display":"","ast-banner-title-visibility":"","ast-main-header-display":"","ast-hfb-above-header-display":"","ast-hfb-below-header-display":"","ast-hfb-mobile-header-display":"","site-post-title":"disabled","ast-breadcrumbs-content":"","ast-featured-img":"disabled","footer-sml-layout":"","ast-disable-related-posts":"","theme-transparent-header-meta":"enabled","adv-header-id-meta":"","stick-header-meta":"","header-above-stick-meta":"","header-main-stick-meta":"","header-below-stick-meta":"","astra-migrate-meta-layouts":"set","ast-page-background-enabled":"default","ast-page-background-meta":{"desktop":{"background-color":"var(--ast-global-color-4)","background-image":"","background-repeat":"repeat","background-position":"center center","background-size":"auto","background-attachment":"scroll","background-type":"","background-media":"","overlay-type":"","overlay-color":"","overlay-opacity":"","overlay-gradient":""},"tablet":{"background-color":"","background-image":"","background-repeat":"repeat","background-position":"center center","background-size":"auto","background-attachment":"scroll","background-type":"","background-media":"","overlay-type":"","overlay-color":"","overlay-opacity":"","overlay-gradient":""},"mobile":{"background-color":"","background-image":"","background-repeat":"repeat","background-position":"center center","background-size":"auto","background-attachment":"scroll","background-type":"","background-media":"","overlay-type":"","overlay-color":"","overlay-opacity":"","overlay-gradient":""}},"ast-content-background-meta":{"desktop":{"background-color":"var(--ast-global-color-5)","background-image":"","background-repeat":"repeat","background-position":"center center","background-size":"auto","background-attachment":"scroll","background-type":"","background-media":"","overlay-type":"","overlay-color":"","overlay-opacity":"","overlay-gradient":""},"tablet":{"background-color":"var(--ast-global-color-5)","background-image":"","background-repeat":"repeat","background-position":"center center","background-size":"auto","background-attachment":"scroll","background-type":"","background-media":"","overlay-type":"","overlay-color":"","overlay-opacity":"","overlay-gradient":""},"mobile":{"background-color":"var(--ast-global-color-5)","background-image":"","background-repeat":"repeat","background-position":"center center","background-size":"auto","background-attachment":"scroll","background-type":"","background-media":"","overlay-type":"","overlay-color":"","overlay-opacity":"","overlay-gradient":""}},"footnotes":""},"class_list":["post-1490","page","type-page","status-publish","hentry"],"uagb_featured_image_src":{"full":false,"thumbnail":false,"medium":false,"medium_large":false,"large":false,"1536x1536":false,"2048x2048":false,"trp-custom-language-flag":false},"uagb_author_info":{"display_name":"mitechconnect","author_link":"https:\/\/mitechconnect.com\/es\/author\/mitechconnect\/"},"uagb_comment_info":0,"uagb_excerpt":"We are a Service Disabled Veteran Owned Small Business Find great programming and even better deals from the top TV providers. High-speed Internet to boost streaming, gaming and productivity. All of our plans come with more than just unlimited talk, text, and data on any network. Keep a watchful eye on your home or business&hellip;","_links":{"self":[{"href":"https:\/\/mitechconnect.com\/es\/wp-json\/wp\/v2\/pages\/1490","targetHints":{"allow":["GET"]}}],"collection":[{"href":"https:\/\/mitechconnect.com\/es\/wp-json\/wp\/v2\/pages"}],"about":[{"href":"https:\/\/mitechconnect.com\/es\/wp-json\/wp\/v2\/types\/page"}],"author":[{"embeddable":true,"href":"https:\/\/mitechconnect.com\/es\/wp-json\/wp\/v2\/users\/1"}],"replies":[{"embeddable":true,"href":"https:\/\/mitechconnect.com\/es\/wp-json\/wp\/v2\/comments?post=1490"}],"version-history":[{"count":42,"href":"https:\/\/mitechconnect.com\/es\/wp-json\/wp\/v2\/pages\/1490\/revisions"}],"predecessor-version":[{"id":3884,"href":"https:\/\/mitechconnect.com\/es\/wp-json\/wp\/v2\/pages\/1490\/revisions\/3884"}],"wp:attachment":[{"href":"https:\/\/mitechconnect.com\/es\/wp-json\/wp\/v2\/media?parent=1490"}],"curies":[{"name":"wp","href":"https:\/\/api.w.org\/{rel}","templated":true}]}}