{"id":2533,"date":"2023-10-24T23:17:23","date_gmt":"2023-10-24T23:17:23","guid":{"rendered":"https:\/\/mitechconnect.ordenarapido.com\/?page_id=2533"},"modified":"2023-11-14T20:59:06","modified_gmt":"2023-11-14T20:59:06","slug":"terms-of-use","status":"publish","type":"page","link":"https:\/\/mitechconnect.com\/es\/terms-of-use\/","title":{"rendered":"Condiciones de uso"},"content":{"rendered":"<div data-aos= \"fade-right\" data-aos-duration=\"400\" data-aos-delay=\"0\" data-aos-easing=\"ease\" data-aos-once=\"true\" class=\"wp-block-uagb-container uagb-block-a8606d6e alignfull uagb-is-root-container\"><div class=\"uagb-container-inner-blocks-wrap\">\n<div class=\"wp-block-uagb-info-box uagb-block-614c16d2 uagb-infobox__content-wrap  uagb-infobox-icon-above-title uagb-infobox-image-valign-top\"><div class=\"uagb-ifb-content\"><div class=\"uagb-ifb-title-wrap\"><span class=\"uagb-ifb-title-prefix\">T\u00e9rminos y condiciones<br><\/span><\/div><\/div><\/div>\n<\/div><\/div>\n\n\n\n<div class=\"wp-block-columns is-layout-flex wp-container-core-columns-is-layout-28f84493 wp-block-columns-is-layout-flex\">\n<div class=\"wp-block-column is-layout-flow wp-block-column-is-layout-flow\" style=\"flex-basis:100%\">\n<div data-aos= \"fade-down\" data-aos-duration=\"400\" data-aos-delay=\"0\" data-aos-easing=\"ease\" data-aos-once=\"true\" class=\"wp-block-uagb-tabs uagb-block-0ce1cf53 uagb-tabs__wrap uagb-tabs__vstyle6-desktop uagb-tabs__vstyle6-tablet uagb-tabs__stack1-mobile\" data-tab-active=\"0\"><ul class=\"uagb-tabs__panel uagb-tabs__align-left\" role=\"tablist\"><li class=\"uagb-tab uagb-tabs__active\" role=\"none\"><a href=\"#uagb-tabs__tab0\" class=\"uagb-tabs-list uagb-tabs__icon-position-left\" data-tab=\"0\" role=\"tab\"><span class=\"uagb-tabs__icon\"><svg xmlns=\"https:\/\/www.w3.org\/2000\/svg\" viewbox=\"0 0 448 512\"><path d=\"M448 416C448 451.3 419.3 480 384 480H64C28.65 480 0 451.3 0 416V96C0 60.65 28.65 32 64 32H384C419.3 32 448 60.65 448 96V416zM256 160C256 142.3 241.7 128 224 128H128C110.3 128 96 142.3 96 160C96 177.7 110.3 192 128 192H224C241.7 192 256 177.7 256 160zM128 224C110.3 224 96 238.3 96 256C96 273.7 110.3 288 128 288H320C337.7 288 352 273.7 352 256C352 238.3 337.7 224 320 224H128zM192 352C192 334.3 177.7 320 160 320H128C110.3 320 96 334.3 96 352C96 369.7 110.3 384 128 384H160C177.7 384 192 369.7 192 352z\"><\/path><\/svg><\/span>Pol\u00edticas de privacidad<\/a><\/li><li class=\"uagb-tab\" role=\"none\"><a href=\"#uagb-tabs__tab1\" class=\"uagb-tabs-list uagb-tabs__icon-position-left\" data-tab=\"1\" role=\"tab\"><span class=\"uagb-tabs__icon\"><svg xmlns=\"https:\/\/www.w3.org\/2000\/svg\" viewbox=\"0 0 448 512\"><path d=\"M448 416C448 451.3 419.3 480 384 480H64C28.65 480 0 451.3 0 416V96C0 60.65 28.65 32 64 32H384C419.3 32 448 60.65 448 96V416zM256 160C256 142.3 241.7 128 224 128H128C110.3 128 96 142.3 96 160C96 177.7 110.3 192 128 192H224C241.7 192 256 177.7 256 160zM128 224C110.3 224 96 238.3 96 256C96 273.7 110.3 288 128 288H320C337.7 288 352 273.7 352 256C352 238.3 337.7 224 320 224H128zM192 352C192 334.3 177.7 320 160 320H128C110.3 320 96 334.3 96 352C96 369.7 110.3 384 128 384H160C177.7 384 192 369.7 192 352z\"><\/path><\/svg><\/span>T\u00e9rminos y condiciones<\/a><\/li><\/ul><div class=\"uagb-tabs__body-wrap\">\n<div data-aos= \"fade-down\" data-aos-duration=\"400\" data-aos-delay=\"0\" data-aos-easing=\"ease\" data-aos-once=\"true\" class=\"wp-block-uagb-tabs-child uagb-tabs__body-container uagb-inner-tab-0\" aria-labelledby=\"uagb-tabs__tab0\">\n<div class=\"wp-block-uagb-info-box uagb-block-fdf8d9a5 uagb-infobox__content-wrap  uagb-infobox-icon-left-title uagb-infobox-left uagb-infobox-image-valign-middle\"><div class=\"uagb-ifb-content\"><div class=\"uagb-ifb-left-title-image\"><div class=\"uagb-ifb-icon-wrap\"><svg xmlns=\"https:\/\/www.w3.org\/2000\/svg\" viewbox=\"0 0 512 512\"><path d=\"M256-.0078C260.7-.0081 265.2 1.008 269.4 2.913L457.7 82.79C479.7 92.12 496.2 113.8 496 139.1C495.5 239.2 454.7 420.7 282.4 503.2C265.7 511.1 246.3 511.1 229.6 503.2C57.25 420.7 16.49 239.2 15.1 139.1C15.87 113.8 32.32 92.12 54.3 82.79L242.7 2.913C246.8 1.008 251.4-.0081 256-.0078V-.0078zM256 444.8C393.1 378 431.1 230.1 432 141.4L256 66.77L256 444.8z\"><\/path><\/svg><\/div><div class=\"uagb-ifb-title-wrap\"><h3 class=\"uagb-ifb-title\"><strong>Pol\u00edtica de privacidad de Mitech Connect<\/strong><\/h3><\/div><\/div><p class=\"uagb-ifb-desc translation-block\">La ley exige un acuerdo de pol\u00edtica de privacidad si se recopilan datos personales sobre los visitantes de su sitio. Personalice los detalles de su pol\u00edtica para reflejar los pasos implementados para proteger la informaci\u00f3n de sus usuarios. <br><br><strong>Introducci\u00f3n<br><\/strong>1.1 Mitech Connect se compromete a proteger la privacidad de los usuarios de nuestro sitio; esta pol\u00edtica detalla la recopilaci\u00f3n, el uso y la protecci\u00f3n de la informaci\u00f3n personal que recibimos de los visitantes del sitio. <br>1.2 MItech Connect se compromete a proteger cualquier dato que recopilemos sobre nuestros clientes y visitantes del sitio. Al ingresar a nuestro sitio web y utilizar nuestros servicios, usted acepta nuestro uso de cookies seg\u00fan los t\u00e9rminos de esta pol\u00edtica. <br><br><strong>Recopilaci\u00f3n de datos <br><\/strong>2.1 Mientras utilizamos nuestro sitio web, es posible que le solicitemos que nos proporcione informaci\u00f3n que pueda usarse para contactarlo o identificarlo. Mitech Connect recopila la cantidad m\u00ednima de informaci\u00f3n de identificaci\u00f3n personal necesaria para mejorar nuestro sitio y el servicio que brindamos. <br>2.2 Podemos recopilar, almacenar y utilizar autom\u00e1ticamente los siguientes tipos de informaci\u00f3n personal: <br>(a) Informaci\u00f3n sobre su computadora y sus visitas a este sitio (incluida la direcci\u00f3n IP, tipo\/versi\u00f3n del navegador y p\u00e1ginas visitadas);<br> (b) Informaci\u00f3n que proporciona al registrarse en nuestro sitio o suscribirse a nuestras notificaciones (incluido su nombre y direcci\u00f3n de correo electr\u00f3nico); <br>(c) Informaci\u00f3n relacionada con el uso de nuestros servicios o cualquier otra transacci\u00f3n iniciada a trav\u00e9s de nuestro sitio (incluida la direcci\u00f3n de facturaci\u00f3n y la informaci\u00f3n de la tarjeta de cr\u00e9dito); y<br>(d) Informaci\u00f3n que elija publicar o enviar a trav\u00e9s de comunicaci\u00f3n personal. <br><br><strong>Uso de datos<br><\/strong>3.1 La informaci\u00f3n personal recopilada a trav\u00e9s de nuestro sitio se utilizar\u00e1 espec\u00edficamente para el fines detallados en esta pol\u00edtica.<br>3.2 Podemos utilizar su informaci\u00f3n personal para:<br> (a) Personalizar nuestro sitio web para usted;<br> (b) Permitirle el uso de los servicios de nuestro sitio;<br>(c) Enviarle notificaciones, declaraciones y otras comunicaciones relacionadas con nuestro negocio;<br>(d) Proporcionar a terceros informaci\u00f3n estad\u00edstica no identificable sobre nuestros usuarios;<br>(e) Prevenir el fraude y mantener nuestro sitio seguro; y<br>(f) Verificar el cumplimiento de los T\u00e9rminos de uso de nuestro sitio.<br>3.3 La configuraci\u00f3n de privacidad se puede controlar para limitar el seguimiento del comportamiento en l\u00ednea. <br><br><strong>La divulgaci\u00f3n de datos <br><\/strong>4.1 Podemos divulgar su informaci\u00f3n personal solo por los motivos establecidos en esta pol\u00edtica.<br>4.2 Podemos divulgar su informaci\u00f3n personal:<br>(a) Cuando as\u00ed lo exija la ley;<br>(b) Para ejercer o defender nuestros derechos legales; y<br>(c) Salvo lo explicado en esta pol\u00edtica, no proporcionaremos su informaci\u00f3n a terceros.<br><br><strong>Retenci\u00f3n de datos<br><\/strong>5.1 Nuestros procedimientos de retenci\u00f3n de datos est\u00e1n dise\u00f1ados para garantizar que cumplamos con nuestras obligaciones legales relacionadas con el almacenamiento y la eliminaci\u00f3n de informaci\u00f3n personal. <br>5.2 La informaci\u00f3n personal que procesamos por cualquier motivo no se conservar\u00e1 m\u00e1s tiempo del necesario para esos fines.<br>5.3 Lo haremos conservar documentos que contengan datos personales: <br>(a) Cuando as\u00ed lo requiera la ley; y<br>(b) Para ejercer o defender nuestros derechos legales.<br><br><strong>Seguridad de los datos<br><\/strong>6.1 La transmisi\u00f3n de informaci\u00f3n a trav\u00e9s de Internet nunca es 100% segura.<br> 6.2 Tomaremos medidas razonables para evitar la p\u00e9rdida o el uso indebido de su informaci\u00f3n personal (por ejemplo, certificados SSL).<br><br><strong>Enmiendas<br><\/strong>7.1 Podemos modificar o actualizar esta pol\u00edtica peri\u00f3dicamente publicando una nueva versi\u00f3n en nuestro sitio.<br>7.2 Le notificaremos los cambios realizados en esta pol\u00edtica.<br><br><strong>Cookies<\/strong><br>8.1 Podemos almacenar cookies en su navegador web cuando usted visite p\u00e1ginas de nuestro sitio.<br>8.2 Si bloquea las cookies, es posible que no pueda utilizar todas las funciones de nuestro sitio web.<br><br><strong>Sitios web de terceros<\/strong><br>9.1 Nuestro El sitio puede incluir enlaces a sitios web de terceros fuera de nuestro control y propiedad.<br>9.2 Debe leer las Pol\u00edticas de privacidad de cada sitio web que visite.<br><br><strong>Nuestros detalles<br><\/strong>10.1 Puede comunicarse con nosotros:<br>(a) Por tel\u00e9fono al 303-586-2925<br>(b) Por correo electr\u00f3nico a info@mitechtv.com.<\/p><\/div><\/div>\n\n\n\n<p><\/p>\n<\/div>\n\n\n\n<div data-aos= \"fade-down\" data-aos-duration=\"400\" data-aos-delay=\"0\" data-aos-easing=\"ease\" data-aos-once=\"true\" class=\"wp-block-uagb-tabs-child uagb-tabs__body-container uagb-inner-tab-1\" aria-labelledby=\"uagb-tabs__tab1\">\n<div class=\"wp-block-uagb-info-box uagb-block-e7dbf0e7 uagb-infobox__content-wrap  uagb-infobox-icon-left-title uagb-infobox-left uagb-infobox-image-valign-middle\"><div class=\"uagb-ifb-content\"><div class=\"uagb-ifb-left-title-image\"><div class=\"uagb-ifb-icon-wrap\"><svg xmlns=\"https:\/\/www.w3.org\/2000\/svg\" viewbox=\"0 0 512 512\"><path d=\"M256-.0078C260.7-.0081 265.2 1.008 269.4 2.913L457.7 82.79C479.7 92.12 496.2 113.8 496 139.1C495.5 239.2 454.7 420.7 282.4 503.2C265.7 511.1 246.3 511.1 229.6 503.2C57.25 420.7 16.49 239.2 15.1 139.1C15.87 113.8 32.32 92.12 54.3 82.79L242.7 2.913C246.8 1.008 251.4-.0081 256-.0078V-.0078zM256 444.8C393.1 378 431.1 230.1 432 141.4L256 66.77L256 444.8z\"><\/path><\/svg><\/div><div class=\"uagb-ifb-title-wrap\"><h2 class=\"uagb-ifb-title\"><strong>Mitech Connect t\u00e9rminos de uso<\/strong><\/h2><\/div><\/div><p class=\"uagb-ifb-desc translation-block\"><strong>T\u00e9rminos y condiciones<\/strong> <br><\/strong>\u00daltima actualizaci\u00f3n: 11 de abril de 2020<br>Lea atentamente estos t\u00e9rminos y condiciones antes de utilizar nuestro servicio.<br><br><strong>Interpretaci\u00f3n<br> <\/strong>Las palabras cuya letra inicial est\u00e1 en may\u00fascula tienen significados definidos bajo las siguientes condiciones.<br>Las siguientes definiciones tendr\u00e1n el mismo significado independientemente de que aparezcan en singular o en plural.<br><br><strong> Definiciones <br><\/strong>A los efectos de estos T\u00e9rminos y Condiciones: <br>\u2013 Afiliada significa una entidad que controla, est\u00e1 controlada por o est\u00e1 bajo control com\u00fan con una parte, donde \u201ccontrol\u201d significa propiedad del 50% o m\u00e1s acciones, participaciones accionarias u otros valores con derecho a voto para la elecci\u00f3n de directores u otra autoridad administrativa.<br>\u2013 Compa\u00f1\u00eda (denominada \u201cla Compa\u00f1\u00eda\u201d, \u201cNosotros\u201d, \u201cNos\u201d o \u201cNuestro\u201d en este Acuerdo) se refiere a Mitech Communication Aurora, CO.<br>\u2013 Pa\u00eds se refiere a: Colorado, Estados Unidos<br>\u2013 Servicio se refiere al sitio web.<br>Los t\u00e9rminos y condiciones (tambi\u00e9n denominados \u201cT\u00e9rminos\u201d) se refieren a estos T\u00e9rminos y Condiciones que forman el acuerdo completo entre Usted y la Compa\u00f1\u00eda con respecto al uso del Servicio. Este acuerdo de t\u00e9rminos y condiciones ha sido creado con la ayuda de <a href=\"https:\/\/www.termsfeed.com\/terms-conditions-generator\/\" target=\"_blank\" rel=\"noreferrer noopener\">Generador de t\u00e9rminos y condiciones. <\/a>.<br>\u2013 Servicio de redes sociales de terceros significa cualquier servicio o contenido (incluidos datos, informaci\u00f3n, productos o servicios) proporcionado por un tercero que puede mostrarse, incluirse o ponerse a disposici\u00f3n mediante el Servicio.<br>\u2013 El sitio web se refiere a Mitech Connect. <br>\u2013 Usted se refiere a la persona que accede o utiliza el Servicio, o la empresa u otra entidad legal en nombre de la cual dicha persona accede o utiliza el Servicio, seg\u00fan corresponda. <br> <br><strong>Reconocimiento<\/strong><br>Estos son los t\u00e9rminos y condiciones que rigen el uso de este Servicio y el acuerdo que opera entre Usted y la Compa\u00f1\u00eda. Estos t\u00e9rminos y condiciones establecen los derechos y obligaciones de todos los usuarios con respecto al uso del Servicio. <br>Su acceso y uso del servicio est\u00e1 condicionado a su aceptaci\u00f3n y cumplimiento de estos T\u00e9rminos y condiciones. Estos t\u00e9rminos y condiciones se aplican a todos los visitantes, usuarios y otras personas que acceden o utilizan el Servicio.<br>Al acceder o utilizar el Servicio, usted acepta estar sujeto a estos T\u00e9rminos y condiciones. Si no est\u00e1 de acuerdo con alguna parte de estos T\u00e9rminos y condiciones, no podr\u00e1 acceder al Servicio.<br>Su acceso y uso del Servicio tambi\u00e9n est\u00e1 condicionado a su aceptaci\u00f3n y cumplimiento de la Pol\u00edtica de Privacidad de la Compa\u00f1\u00eda. Nuestra Pol\u00edtica de privacidad describe Nuestras pol\u00edticas y procedimientos sobre la recopilaci\u00f3n, el uso y la divulgaci\u00f3n de Su informaci\u00f3n personal cuando utiliza la Aplicaci\u00f3n o el Sitio web y le informa sobre Sus derechos de privacidad y c\u00f3mo la ley lo protege. Lea atentamente nuestra Pol\u00edtica de privacidad antes de utilizar nuestro servicio.<br><br><strong>Enlaces a otros sitios web<br><\/strong>Nuestro servicio puede contener enlaces a sitios web o servicios de terceros que no son de propiedad ni est\u00e1n controlados por la compa\u00f1\u00eda. <br>La compa\u00f1\u00eda no tiene control ni asume ninguna responsabilidad por el contenido, las pol\u00edticas de privacidad o las pr\u00e1cticas de los sitios web o servicios de terceros. Adem\u00e1s, reconoce y acepta que la Compa\u00f1\u00eda no ser\u00e1 responsable, directa o indirectamente, de ning\u00fan da\u00f1o o p\u00e9rdida causada o presuntamente causada por o en conexi\u00f3n con el uso o la confianza en dicho contenido, bienes o servicios disponibles en o a trav\u00e9s de dichos sitios web o servicios. <br>Le recomendamos encarecidamente que lea los t\u00e9rminos y condiciones y las pol\u00edticas de privacidad de los sitios web o servicios de terceros que visite.<br><br><strong>Terminaci\u00f3n <\/strong><br>Podemos cancelar o suspender su acceso inmediatamente, sin previo aviso ni responsabilidad, por cualquier motivo, incluido, entre otros, si incumple estos T\u00e9rminos y condiciones. <br>Al finalizar, cesar\u00e1 su derecho a utilizar el Servicio. inmediatamente.<br><br><strong>Limitaci\u00f3n de responsabilidad <br><\/strong>Sin perjuicio de los da\u00f1os en los que pueda incurrir, la responsabilidad total de la Compa\u00f1\u00eda y cualquiera de sus proveedores seg\u00fan cualquier disposici\u00f3n de estos T\u00e9rminos y su recurso exclusivo por todo lo anterior se limitar\u00e1 al monto realmente pagado por Usted a trav\u00e9s del Servicio o 100 USD si no ha comprado nada a trav\u00e9s del Servicio.<br>En la medida m\u00e1xima permitida por la ley aplicable, en ning\u00fan caso la Compa\u00f1\u00eda o sus proveedores ser\u00e1n responsables de cualquier da\u00f1o especial, incidental, indirecto o consecuente de cualquier tipo (incluidos, entre otros, da\u00f1os por p\u00e9rdida de ganancias, p\u00e9rdida de datos u otra informaci\u00f3n, por interrupci\u00f3n del negocio, por lesiones personales, p\u00e9rdida de privacidad que surja fuera de o de alguna manera relacionado con el uso o la imposibilidad de usar el Servicio, software de terceros y\/o hardware de terceros utilizado con el Servicio, o de otro modo en conexi\u00f3n con cualquier disposici\u00f3n de estos T\u00e9rminos), incluso si la Compa\u00f1\u00eda o cualquier su  Se ha advertido al proveedor de la posibilidad de tales da\u00f1os, e incluso si el remedio no logra su prop\u00f3sito esencial. Algunos estados no permiten la exclusi\u00f3n de garant\u00edas impl\u00edcitas o la limitaci\u00f3n de responsabilidad por da\u00f1os incidentales o consecuentes, lo que significa que algunos de los Es posible que las limitaciones anteriores no se apliquen. En estos estados, la responsabilidad de cada parte se limitar\u00e1 en la mayor medida permitida por la ley.<br><br><strong>Descargo de responsabilidad \u201cTAL CUAL\u201d y \u201cSEG\u00daN DISPONIBILIDAD\u201d<br><\/strong>El Servicio se le proporciona a Usted \u201cTAL CUAL\u201d y \u201cSEG\u00daN DISPONIBILIDAD\u201d y con todas las fallas y defectos sin garant\u00eda de ning\u00fan tipo. En la medida m\u00e1xima permitida por la ley aplicable, la Compa\u00f1\u00eda, en su propio nombre y en nombre de sus Afiliados y sus respectivos licenciantes y proveedores de servicios, renuncia expresamente a todas las garant\u00edas, ya sean expresas, impl\u00edcitas, legales o de otro tipo, con respecto al Servicio, incluidas todas las garant\u00edas impl\u00edcitas de comerciabilidad, idoneidad para un prop\u00f3sito particular, t\u00edtulo y no infracci\u00f3n, y garant\u00edas que puedan surgir del curso del trato, curso del desempe\u00f1o y garant\u00edas que puedan surgir del curso del trato, curso del desempe\u00f1o. Sin limitaci\u00f3n a lo anterior, la Compa\u00f1\u00eda no ofrece garant\u00eda ni compromiso, y no hace ninguna declaraci\u00f3n de ning\u00fan tipo de que el Servicio cumplir\u00e1 con Sus requisitos, lograr\u00e1 los resultados previstos, ser\u00e1 compatible o funcionar\u00e1 con cualquier otro software, aplicaci\u00f3n, sistema o servicio, operar\u00e1 sin interrupci\u00f3n, cumplir\u00e1 con los est\u00e1ndares de rendimiento o confiabilidad o estar libre de errores o que cualquier error o defecto puede o ser\u00e1 corregido. <br>Sin limitar lo anterior, ni la Compa\u00f1\u00eda ni ninguno de los proveedores de la compa\u00f1\u00eda hacen ninguna declaraci\u00f3n o garant\u00eda de ning\u00fan tipo. , expresa o impl\u00edcita: (i) en cuanto al funcionamiento o disponibilidad del Servicio, o la informaci\u00f3n, contenido y materiales o productos incluidos en el mismo; (ii) que el Servicio ser\u00e1 ininterrumpido o estar\u00e1 libre de errores; (iii) en cuanto a la exactitud, confiabilidad o vigencia de cualquier informaci\u00f3n o contenido proporcionado a trav\u00e9s del Servicio; o (iv) que el Servicio, sus servidores, el contenido o los correos electr\u00f3nicos enviados desde o en nombre de la Compa\u00f1\u00eda est\u00e1n libres de virus, scripts, troyanos, gusanos, malware, bombas de tiempo u otros componentes da\u00f1inos. <br>Algunos Las jurisdicciones no permiten la exclusi\u00f3n de ciertos tipos de garant\u00edas o limitaciones de los derechos legales aplicables de un consumidor, por lo que algunas o todas las exclusiones y limitaciones anteriores pueden no aplicarse a usted. Pero en tal caso, las exclusiones y limitaciones establecidas en esta secci\u00f3n se aplicar\u00e1n en la mayor medida exigible seg\u00fan la ley aplicable.<br><br><strong>Ley aplicable<br><\/strong>Las leyes del pa\u00eds, excluyendo sus conflictos de normas legales, regir\u00e1n estos t\u00e9rminos y su uso del Servicio. Su uso de la aplicaci\u00f3n tambi\u00e9n puede estar sujeto a otras leyes locales, estatales, nacionales o internacionales. <br><br><strong>Resoluci\u00f3n de disputas<br><\/strong> Si tiene alguna inquietud o disputa sobre el Servicio, Usted acepta intentar primero resolver la disputa de manera informal comunic\u00e1ndose con la Compa\u00f1\u00eda. <br><br><strong>Para usuarios de la Uni\u00f3n Europea (UE)<br><\/strong>Si es un consumidor de la Uni\u00f3n Europea, se beneficiar\u00e1 de cualquier disposici\u00f3n obligatoria de la ley del pa\u00eds en el que reside.<br><br><strong>El cumplimiento legal de los Estados Unidos<br><\/strong>Usted declara y garantiza que (i) No se encuentra en un pa\u00eds que est\u00e1 sujeto al embargo del gobierno de los Estados Unidos, o que ha sido designado por el gobierno de los Estados Unidos como pa\u00eds que \u201capoya al terrorismo\u201d, y (ii) usted no figura en ninguna lista del gobierno de los Estados Unidos de partes prohibidas o restringidas. br&gt;<br><strong>Separabilidad y renuncia<br>Separabilidad<\/strong><br>Si alguna disposici\u00f3n de estos T\u00e9rminos se considera inaplicable o inv\u00e1lida, dicha disposici\u00f3n se modificar\u00e1 e interpretar\u00e1 para lograr los objetivos de dicha disposici\u00f3n. en la mayor medida posible seg\u00fan la ley aplicable y las disposiciones restantes continuar\u00e1n en pleno vigor y efecto.<br><br><strong>Renuncia<\/strong><br>Salvo lo dispuesto en este documento, la falta de ejercicio de un derecho o de exigir el cumplimiento de una obligaci\u00f3n en virtud de estos T\u00e9rminos no afectar\u00e1 la capacidad de una parte para ejercer dicho derecho o exigir dicho cumplimiento en cualquier momento posterior ni la renuncia a un incumplimiento constituir\u00e1 una renuncia a cualquier incumplimiento posterior. <br><br><strong>Interpretaci\u00f3n de la traducci\u00f3n<br><\/strong> Estos t\u00e9rminos y condiciones pueden haber sido traducidos si los hemos puesto a su disposici\u00f3n en nuestro Servicio. <br>Usted acepta que el texto original en ingl\u00e9s prevalecer\u00e1 en caso de una disputa.<br><br><strong>Cambios a estos t\u00e9rminos y condiciones <br><\/strong>Nos reservamos el derecho, a nuestra entera discreci\u00f3n, de modificar o reemplazar estos t\u00e9rminos en cualquier momento. Si una revisi\u00f3n es importante, haremos esfuerzos razonables para avisar con al menos 30 d\u00edas de antelaci\u00f3n antes de que los nuevos t\u00e9rminos entren en vigor. Lo que constituye un cambio material se determinar\u00e1 a nuestra entera discreci\u00f3n.<br>Al continuar accediendo o utilizando nuestro servicio despu\u00e9s de que esas revisiones entren en vigencia, usted acepta ser obligado por los t\u00e9rminos revisados. Si no acepta los nuevos t\u00e9rminos, total o parcialmente, deje de utilizar el sitio web y el servicio.<\/p><\/div><\/div>\n\n\n\n<ul class=\"wp-block-list\">\n<li><\/li>\n<\/ul>\n<\/div>\n<\/div><\/div>\n<\/div>\n<\/div>","protected":false},"excerpt":{"rendered":"","protected":false},"author":1,"featured_media":0,"parent":0,"menu_order":0,"comment_status":"closed","ping_status":"closed","template":"","meta":{"_uag_custom_page_level_css":"","site-sidebar-layout":"default","site-content-layout":"","ast-site-content-layout":"full-width-container","site-content-style":"unboxed","site-sidebar-style":"unboxed","ast-global-header-display":"","ast-banner-title-visibility":"","ast-main-header-display":"","ast-hfb-above-header-display":"","ast-hfb-below-header-display":"","ast-hfb-mobile-header-display":"","site-post-title":"disabled","ast-breadcrumbs-content":"","ast-featured-img":"disabled","footer-sml-layout":"","ast-disable-related-posts":"","theme-transparent-header-meta":"enabled","adv-header-id-meta":"","stick-header-meta":"","header-above-stick-meta":"","header-main-stick-meta":"","header-below-stick-meta":"","astra-migrate-meta-layouts":"set","ast-page-background-enabled":"default","ast-page-background-meta":{"desktop":{"background-color":"var(--ast-global-color-4)","background-image":"","background-repeat":"repeat","background-position":"center center","background-size":"auto","background-attachment":"scroll","background-type":"","background-media":"","overlay-type":"","overlay-color":"","overlay-opacity":"","overlay-gradient":""},"tablet":{"background-color":"","background-image":"","background-repeat":"repeat","background-position":"center center","background-size":"auto","background-attachment":"scroll","background-type":"","background-media":"","overlay-type":"","overlay-color":"","overlay-opacity":"","overlay-gradient":""},"mobile":{"background-color":"","background-image":"","background-repeat":"repeat","background-position":"center center","background-size":"auto","background-attachment":"scroll","background-type":"","background-media":"","overlay-type":"","overlay-color":"","overlay-opacity":"","overlay-gradient":""}},"ast-content-background-meta":{"desktop":{"background-color":"var(--ast-global-color-5)","background-image":"","background-repeat":"repeat","background-position":"center center","background-size":"auto","background-attachment":"scroll","background-type":"","background-media":"","overlay-type":"","overlay-color":"","overlay-opacity":"","overlay-gradient":""},"tablet":{"background-color":"var(--ast-global-color-5)","background-image":"","background-repeat":"repeat","background-position":"center center","background-size":"auto","background-attachment":"scroll","background-type":"","background-media":"","overlay-type":"","overlay-color":"","overlay-opacity":"","overlay-gradient":""},"mobile":{"background-color":"var(--ast-global-color-5)","background-image":"","background-repeat":"repeat","background-position":"center center","background-size":"auto","background-attachment":"scroll","background-type":"","background-media":"","overlay-type":"","overlay-color":"","overlay-opacity":"","overlay-gradient":""}},"footnotes":""},"class_list":["post-2533","page","type-page","status-publish","hentry"],"uagb_featured_image_src":{"full":false,"thumbnail":false,"medium":false,"medium_large":false,"large":false,"1536x1536":false,"2048x2048":false,"trp-custom-language-flag":false},"uagb_author_info":{"display_name":"mitechconnect","author_link":"https:\/\/mitechconnect.com\/es\/author\/mitechconnect\/"},"uagb_comment_info":0,"uagb_excerpt":null,"_links":{"self":[{"href":"https:\/\/mitechconnect.com\/es\/wp-json\/wp\/v2\/pages\/2533","targetHints":{"allow":["GET"]}}],"collection":[{"href":"https:\/\/mitechconnect.com\/es\/wp-json\/wp\/v2\/pages"}],"about":[{"href":"https:\/\/mitechconnect.com\/es\/wp-json\/wp\/v2\/types\/page"}],"author":[{"embeddable":true,"href":"https:\/\/mitechconnect.com\/es\/wp-json\/wp\/v2\/users\/1"}],"replies":[{"embeddable":true,"href":"https:\/\/mitechconnect.com\/es\/wp-json\/wp\/v2\/comments?post=2533"}],"version-history":[{"count":21,"href":"https:\/\/mitechconnect.com\/es\/wp-json\/wp\/v2\/pages\/2533\/revisions"}],"predecessor-version":[{"id":3889,"href":"https:\/\/mitechconnect.com\/es\/wp-json\/wp\/v2\/pages\/2533\/revisions\/3889"}],"wp:attachment":[{"href":"https:\/\/mitechconnect.com\/es\/wp-json\/wp\/v2\/media?parent=2533"}],"curies":[{"name":"wp","href":"https:\/\/api.w.org\/{rel}","templated":true}]}}